{"id":1303,"date":"2024-03-21T11:49:44","date_gmt":"2024-03-21T10:49:44","guid":{"rendered":"https:\/\/ferienwohnung-lohrenz.de\/fewolo\/?page_id=1303"},"modified":"2025-01-02T17:47:07","modified_gmt":"2025-01-02T16:47:07","slug":"preise-kalender","status":"publish","type":"page","link":"https:\/\/ferienwohnung-lohrenz.de\/fewolo\/preise-kalender\/","title":{"rendered":"Preise &#038; Kalender"},"content":{"rendered":"<div id='welcome'  class='av-layout-grid-container av-3a7lz2f-470a794325920a7fc077efe6f65e6c53 entry-content-wrapper main_color av-fixed-cells  avia-builder-el-0  el_before_av_section  avia-builder-el-first   container_wrap sidebar_right'  >\n\n<style type=\"text\/css\" data-created_by=\"avia_inline_auto\" id=\"style-css-av-blu92f-933fc0c0673645083be899d179ee416d\">\n.flex_cell.av-blu92f-933fc0c0673645083be899d179ee416d{\nvertical-align:top;\nheight:15px;\nmin-height:15px;\nbackground-color:#719430;\n}\n.responsive #top #wrap_all .flex_cell.av-blu92f-933fc0c0673645083be899d179ee416d{\npadding:0px 0px 0px 0px !important;\n}\n<\/style>\n<div class='flex_cell av-blu92f-933fc0c0673645083be899d179ee416d av-gridrow-cell av_one_fourth no_margin  avia-builder-el-1  el_before_av_cell_one_fourth  avia-builder-el-first  content-align-top av-zero-padding'  ><div class='flex_cell_inner'><\/div><\/div>\n<style type=\"text\/css\" data-created_by=\"avia_inline_auto\" id=\"style-css-av-36fuxfb-c587d6f6f55b3469e1355d5f00985c37\">\n.flex_cell.av-36fuxfb-c587d6f6f55b3469e1355d5f00985c37{\nvertical-align:top;\nheight:15px;\nmin-height:15px;\nbackground-color:#92bb46;\n}\n.responsive #top #wrap_all .flex_cell.av-36fuxfb-c587d6f6f55b3469e1355d5f00985c37{\npadding:0px 0px 0px 0px !important;\n}\n<\/style>\n<div class='flex_cell av-36fuxfb-c587d6f6f55b3469e1355d5f00985c37 av-gridrow-cell av_one_fourth no_margin  avia-builder-el-2  el_after_av_cell_one_fourth  el_before_av_cell_one_fourth  content-align-top av-zero-padding'  ><div class='flex_cell_inner'><\/div><\/div>\n<style type=\"text\/css\" data-created_by=\"avia_inline_auto\" id=\"style-css-av-35dxtwn-4fada15e7ffa364826b7090818408b0c\">\n.flex_cell.av-35dxtwn-4fada15e7ffa364826b7090818408b0c{\nvertical-align:top;\nheight:15px;\nmin-height:15px;\nbackground-color:#acd464;\n}\n.responsive #top #wrap_all .flex_cell.av-35dxtwn-4fada15e7ffa364826b7090818408b0c{\npadding:0px 0px 0px 0px !important;\n}\n<\/style>\n<div class='flex_cell av-35dxtwn-4fada15e7ffa364826b7090818408b0c av-gridrow-cell av_one_fourth no_margin  avia-builder-el-3  el_after_av_cell_one_fourth  el_before_av_cell_one_fourth  content-align-top av-zero-padding'  ><div class='flex_cell_inner'><\/div><\/div>\n<style type=\"text\/css\" data-created_by=\"avia_inline_auto\" id=\"style-css-av-34cq0vr-f1a4c16071bbf99e29a912bba93d39c2\">\n.flex_cell.av-34cq0vr-f1a4c16071bbf99e29a912bba93d39c2{\nvertical-align:top;\nheight:15px;\nmin-height:15px;\nbackground-color:#e1fbb2;\n}\n.responsive #top #wrap_all .flex_cell.av-34cq0vr-f1a4c16071bbf99e29a912bba93d39c2{\npadding:0px 0px 0px 0px !important;\n}\n<\/style>\n<div class='flex_cell av-34cq0vr-f1a4c16071bbf99e29a912bba93d39c2 av-gridrow-cell av_one_fourth no_margin  avia-builder-el-4  el_after_av_cell_one_fourth  avia-builder-el-last  content-align-top av-zero-padding'  ><div class='flex_cell_inner'><\/div><\/div>\n<\/div>\n<div id='av_section_1'  class='avia-section av-g4oiqf-dd812be45fdc941bdad282873afee030 main_color avia-section-large avia-no-border-styling  avia-builder-el-5  el_after_av_layout_row  el_before_av_layout_row  avia-bg-style-scroll container_wrap sidebar_right'  ><div class='container av-section-cont-open' ><div class='template-page content  av-content-small alpha units'><div class='post-entry post-entry-type-page post-entry-1303'><div class='entry-content-wrapper clearfix'>\n\n<style type=\"text\/css\" data-created_by=\"avia_inline_auto\" id=\"style-css-av-lu15xg21-cb5b86b94a382332f372f0c8eab6f140\">\n#top .av-special-heading.av-lu15xg21-cb5b86b94a382332f372f0c8eab6f140{\npadding-bottom:20px;\nfont-size:50px;\n}\nbody .av-special-heading.av-lu15xg21-cb5b86b94a382332f372f0c8eab6f140 .av-special-heading-tag .heading-char{\nfont-size:25px;\n}\n#top #wrap_all .av-special-heading.av-lu15xg21-cb5b86b94a382332f372f0c8eab6f140 .av-special-heading-tag{\nfont-size:50px;\n}\n.av-special-heading.av-lu15xg21-cb5b86b94a382332f372f0c8eab6f140 .av-subheading{\nfont-size:15px;\n}\n\n@media only screen and (min-width: 480px) and (max-width: 767px){ \n#top #wrap_all .av-special-heading.av-lu15xg21-cb5b86b94a382332f372f0c8eab6f140 .av-special-heading-tag{\nfont-size:0.8em;\n}\n}\n\n@media only screen and (max-width: 479px){ \n#top #wrap_all .av-special-heading.av-lu15xg21-cb5b86b94a382332f372f0c8eab6f140 .av-special-heading-tag{\nfont-size:0.8em;\n}\n}\n<\/style>\n<div  class='av-special-heading av-lu15xg21-cb5b86b94a382332f372f0c8eab6f140 av-special-heading-h1 blockquote modern-quote modern-centered  avia-builder-el-6  el_before_av_textblock  avia-builder-el-first  av-inherit-size'><h1 class='av-special-heading-tag '  itemprop=\"headline\"  ><u>Preise<\/u> und Belegungskalender<\/h1><div class=\"special-heading-border\"><div class=\"special-heading-inner-border\"><\/div><\/div><\/div>\n<section  class='av_textblock_section av-lu160f8r-09ffc9803577ac148f66be25ae9514cc '   itemscope=\"itemscope\" itemtype=\"https:\/\/schema.org\/CreativeWork\" ><div class='avia_textblock'  itemprop=\"text\" ><p style=\"text-align: center;\"><span style=\"font-size: 16px;\">Neben <a>Familien<\/a> sind uns auch <a>Monteure<\/a> und <a>Gesch\u00e4ftsleute<\/a> in der Ferienwohnung Lohrenz herzlich willkommen.<\/span><\/p>\n<\/div><\/section>\n<div  class='flex_column av-dxnnlz-0535b1d9ca9865b71655da453378ad82 av_one_half  avia-builder-el-8  el_after_av_textblock  el_before_av_one_half  first flex_column_div  column-top-margin'     ><section  class='av_textblock_section av-lu162g05-e50e5bbc96616b18f4449189d8daf836 '   itemscope=\"itemscope\" itemtype=\"https:\/\/schema.org\/CreativeWork\" ><div class='avia_textblock'  itemprop=\"text\" ><ul>\n<li><span style=\"font-size: 16px;\">Maximalbelegung 4 bis 5 Personen<\/span><\/li>\n<li><span style=\"font-size: 16px;\"><span style=\"font-size: 16px;\">Anreise t\u00e4glich nach Absprache, kein Mindestaufenthalt<\/span><\/span><\/li>\n<\/ul>\n<ul>\n<li><span style=\"font-size: 16px;\">Preis pro \u00dcbernachtung bei 1 &#8211; 2 Personen ab 85,00 Euro<\/span><\/li>\n<li><span style=\"font-size: 16px;\"><span style=\"font-size: 16px;\">Preis pro \u00dcbernachtung ab 3 Personen ab 100,00 Euro<\/span><\/span><\/li>\n<\/ul>\n<ul>\n<li><span style=\"font-size: 16px;\">Kinder von 0 bis 4 Jahren wohnen bei uns kostenlos<\/span><\/li>\n<li><span style=\"font-size: 16px;\">Kinder von 5 bis 12 Jahren zahlen 50% des \u00dcbernachtungspreises<\/span><\/li>\n<\/ul>\n<p><span style=\"font-size: 16px;\">Im Preis enthalten ist die Bereitstellung von Bettw\u00e4sche, Handt\u00fcchern und einem Willkommenspaket mit diversen Extras:<br \/>\n<\/span><\/p>\n<\/div><\/section><br \/>\n<div  class='avia-button-wrap av-lu16f3wl-c528d85510c707b7d78e5b7d29aedfc5-wrap avia_animated_button av-animated-when-visible-95 fade-in avia-button-center  avia-builder-el-10  el_after_av_textblock  avia-builder-el-last '>\n<style type=\"text\/css\" data-created_by=\"avia_inline_auto\" id=\"style-css-av-lu16f3wl-c528d85510c707b7d78e5b7d29aedfc5\">\n.avia_transform  .avia-button-wrap.av-lu16f3wl-c528d85510c707b7d78e5b7d29aedfc5-wrap{\nanimation-duration:2s;\n}\n#top #wrap_all .avia-button.av-lu16f3wl-c528d85510c707b7d78e5b7d29aedfc5{\nmargin:20px 20px 20px 20px;\n}\n#top #wrap_all .avia-button.av-lu16f3wl-c528d85510c707b7d78e5b7d29aedfc5:hover{\ncolor:white;\ntransition:all 0.4s ease-in-out;\n}\n#top #wrap_all .avia-button.av-lu16f3wl-c528d85510c707b7d78e5b7d29aedfc5:hover .avia-svg-icon svg:first-child{\nfill:white;\nstroke:white;\n}\n<\/style>\n<a href='https:\/\/ferienwohnung-lohrenz.de\/fewolo\/ausstattung\/'  class='avia-button av-lu16f3wl-c528d85510c707b7d78e5b7d29aedfc5 av-link-btn avia-icon_select-yes-right-icon avia-size-large avia-position-center avia-color-theme-color avia-font-color-theme-color'   aria-label=\"Ausstattung\"><span class='avia_iconbox_title' >Ausstattung<\/span><span class='avia_button_icon avia_button_icon_right avia-iconfont avia-font-entypo-fontello' data-av_icon='\ue84b' data-av_iconfont='entypo-fontello' ><\/span><span class='avia_button_background avia-button avia-color-theme-color-highlight' ><\/span><\/a><\/div><\/p><\/div><div  class='flex_column av-cxwkqf-84da9826b610bcad61e8648f5ca27457 av_one_half  avia-builder-el-11  el_after_av_one_half  el_before_av_one_fifth  flex_column_div  column-top-margin'     ><section  class='av_textblock_section av-lu163jtr-c2bd41749a2d5c20722a2871c4e05441 '   itemscope=\"itemscope\" itemtype=\"https:\/\/schema.org\/CreativeWork\" ><div class='avia_textblock'  itemprop=\"text\" ><p><span style=\"font-size: 16px;\">Der G\u00e4stebeitrag an die Stadt Goslar ist zus\u00e4tzlich zu entrichten.<br \/>\nF\u00fcr Kinder, Jugendliche und Monteure wird kein G\u00e4stebeitrag erhoben.<br \/>\nDer Beitrag f\u00fcr vollj\u00e4hrige Personen \/ pro \u00dcbernachtung liegt bei 3,30 Euro.<\/span><\/p>\n<p><span style=\"font-size: 16px;\">Endreinigung der Wohnung 70,- Euro.<br \/>\nBei nur einer \u00dcbernachtung m\u00fcssen wir einen Zuschlag von 30,00 \u20ac berechnen.<br \/>\nF\u00fcr ein weiteres Zustellbett 2&#215;1 Meter jeweils 10 Euro pro Tag.<\/span><\/p>\n<p><span style=\"font-size: 16px;\">Die Bezahlung des G\u00e4stebeitrages der Stadt Goslar ist bar bei Anreise vor Ort zu leisten!<\/span><\/p>\n<p><span style=\"font-size: 16px;\"><a>Eine Anzahlung in H\u00f6he von 20% des Mietpreises, ist innerhalb von 7 Tagen nach Erhalt der Buchungsbest\u00e4tigung zu \u00fcberweisen.<\/a> Der restliche Betrag ist sp\u00e4testens bis 14 Tage vor Anreise f\u00e4llig.<br \/>\n<\/span><\/p>\n<\/div><\/section><\/div><div  class='flex_column av-6f67rr-fa67a3bd7112969cd689f376e90c4ef1 av_one_fifth  avia-builder-el-13  el_after_av_one_half  el_before_av_three_fifth  first flex_column_div  column-top-margin'     ><\/div><div  class='flex_column av-cxzp3-c447c93c0e5bde6abbbaf4de1ee6ea41 av_three_fifth  avia-builder-el-14  el_after_av_one_fifth  el_before_av_one_fifth  flex_column_div  column-top-margin'     ><style type=\"text\/css\" data-created_by=\"avia_inline_auto\" id=\"style-css-av-lx926h28-51379aacb5dc65f7227b93773105db8b\">\n.avia_message_box.av-lx926h28-51379aacb5dc65f7227b93773105db8b{\nbox-shadow: 10px 10px 10px 0px ;\n}\n<\/style>\n<div id='avia-messagebox-' class='avia_message_box av_notification av-lx926h28-51379aacb5dc65f7227b93773105db8b avia-color-green avia-size-large avia-icon_select-yes avia-border-  avia-builder-el-15  avia-builder-el-no-sibling ' ><span class='avia_message_box_title' >Hinweis<\/span><div class=\"avia_message_box_content\"><span class='avia_message_box_icon avia-iconfont avia-font-entypo-fontello' data-av_icon='\ue81f' data-av_iconfont='entypo-fontello' ><\/span><p>Bitte beachten Sie, dass Preise saisonal schwanken und auch an gesetzlichen Feiertagen andere Preise gelten k\u00f6nnen. Gerne unterbreiten wir Ihnen ein individuelles Angebot.<\/p>\n<\/div><\/div><\/div><div  class='flex_column av-314s6v-f905da942be1ed742db3ec8727b1dd34 av_one_fifth  avia-builder-el-16  el_after_av_three_fifth  avia-builder-el-last  flex_column_div  column-top-margin'     ><\/div><\/div><\/div><\/div><!-- close content main div --><\/div><\/div><div id='welcome'  class='av-layout-grid-container av-8wxyd3-44aa5b8eb790c52175eaca60d2a5268d entry-content-wrapper main_color av-fixed-cells  avia-builder-el-17  el_after_av_section  el_before_av_one_full  grid-row-not-first  container_wrap sidebar_right'  >\n\n<style type=\"text\/css\" data-created_by=\"avia_inline_auto\" id=\"style-css-av-7kaet3-dbc9d5b0c7b964d445f891a68e822445\">\n.flex_cell.av-7kaet3-dbc9d5b0c7b964d445f891a68e822445{\nvertical-align:top;\nheight:15px;\nmin-height:15px;\nbackground-color:#719430;\n}\n.responsive #top #wrap_all .flex_cell.av-7kaet3-dbc9d5b0c7b964d445f891a68e822445{\npadding:0px 0px 0px 0px !important;\n}\n<\/style>\n<div class='flex_cell av-7kaet3-dbc9d5b0c7b964d445f891a68e822445 av-gridrow-cell av_one_fourth no_margin  avia-builder-el-18  el_before_av_cell_one_fourth  avia-builder-el-first  content-align-top av-zero-padding'  ><div class='flex_cell_inner'><\/div><\/div>\n<style type=\"text\/css\" data-created_by=\"avia_inline_auto\" id=\"style-css-av-64h9qv-e2efcaa99297b6f1a43d0757504f2c7c\">\n.flex_cell.av-64h9qv-e2efcaa99297b6f1a43d0757504f2c7c{\nvertical-align:top;\nheight:15px;\nmin-height:15px;\nbackground-color:#92bb46;\n}\n.responsive #top #wrap_all .flex_cell.av-64h9qv-e2efcaa99297b6f1a43d0757504f2c7c{\npadding:0px 0px 0px 0px !important;\n}\n<\/style>\n<div class='flex_cell av-64h9qv-e2efcaa99297b6f1a43d0757504f2c7c av-gridrow-cell av_one_fourth no_margin  avia-builder-el-19  el_after_av_cell_one_fourth  el_before_av_cell_one_fourth  content-align-top av-zero-padding'  ><div class='flex_cell_inner'><\/div><\/div>\n<style type=\"text\/css\" data-created_by=\"avia_inline_auto\" id=\"style-css-av-d94xj-7c73cff5750d117c0aa5ef519d9fefa7\">\n.flex_cell.av-d94xj-7c73cff5750d117c0aa5ef519d9fefa7{\nvertical-align:top;\nheight:15px;\nmin-height:15px;\nbackground-color:#acd464;\n}\n.responsive #top #wrap_all .flex_cell.av-d94xj-7c73cff5750d117c0aa5ef519d9fefa7{\npadding:0px 0px 0px 0px !important;\n}\n<\/style>\n<div class='flex_cell av-d94xj-7c73cff5750d117c0aa5ef519d9fefa7 av-gridrow-cell av_one_fourth no_margin  avia-builder-el-20  el_after_av_cell_one_fourth  el_before_av_cell_one_fourth  content-align-top av-zero-padding'  ><div class='flex_cell_inner'><\/div><\/div>\n<style type=\"text\/css\" data-created_by=\"avia_inline_auto\" id=\"style-css-av-2l6slz-1fbd672e60033a1b1a9ebcccf6a6167f\">\n.flex_cell.av-2l6slz-1fbd672e60033a1b1a9ebcccf6a6167f{\nvertical-align:top;\nheight:15px;\nmin-height:15px;\nbackground-color:#e1fbb2;\n}\n.responsive #top #wrap_all .flex_cell.av-2l6slz-1fbd672e60033a1b1a9ebcccf6a6167f{\npadding:0px 0px 0px 0px !important;\n}\n<\/style>\n<div class='flex_cell av-2l6slz-1fbd672e60033a1b1a9ebcccf6a6167f av-gridrow-cell av_one_fourth no_margin  avia-builder-el-21  el_after_av_cell_one_fourth  avia-builder-el-last  content-align-top av-zero-padding'  ><div class='flex_cell_inner'><\/div><\/div>\n<\/div><div id='after_grid_row_2'  class='main_color av_default_container_wrap container_wrap sidebar_right'  ><div class='container av-section-cont-open' ><div class='template-page content  av-content-small alpha units'><div class='post-entry post-entry-type-page post-entry-1303'><div class='entry-content-wrapper clearfix'><\/p>\n<div  class='flex_column av-8q2m1j-0252a0b9e33aefbe51d21af46256dabc av_one_full  avia-builder-el-22  el_after_av_layout_row  el_before_av_one_fourth  avia-builder-el-first  first flex_column_div  '     ><\/div>\n<div  class='flex_column av-7mguvr-159072145c3721dec3879720041b7e87 av_one_fourth  avia-builder-el-24  el_after_av_one_full  el_before_av_one_fourth  first flex_column_div  column-top-margin'     ><\/div>\n<div  class='flex_column av-55lhev-1776e4c3ba85c48afed5a5e3866068e3 av_one_fourth  avia-builder-el-25  el_after_av_one_fourth  el_before_av_one_fourth  flex_column_div  column-top-margin'     ><style type=\"text\/css\" data-created_by=\"avia_inline_auto\" id=\"style-css-av-kwcc7-eb7f513a567d3adfb92bf4e55a3b9ba8\">\n@keyframes av_sonarEffect_av-kwcc7-eb7f513a567d3adfb92bf4e55a3b9ba8 {\n  0% {opacity: 0.3;}\n 40% {opacity: 0.5; box-shadow: 0 0 0 2px rgba(255,255,255,0.1), 0 0 10px 10px #83a846, 0 0 0 10px rgba(255,255,255,0.5);}\n100% {opacity: 0; box-shadow: 0 0 0 2px rgba(255,255,255,0.1), 0 0 10px 10px #83a846, 0 0 0 10px rgba(255,255,255,0.5); transform: scale(1.5);}\n}\n.av_font_icon.av-kwcc7-eb7f513a567d3adfb92bf4e55a3b9ba8 .av-icon-char{\nfont-size:30px;\nline-height:30px;\nwidth:30px;\n}\n.av_font_icon.av-kwcc7-eb7f513a567d3adfb92bf4e55a3b9ba8.av-icon-style-border .av-icon-char:hover::after{\nanimation:av_sonarEffect_av-kwcc7-eb7f513a567d3adfb92bf4e55a3b9ba8 1s ease-in-out;\n}\n<\/style>\n<span  class='av_font_icon av-kwcc7-eb7f513a567d3adfb92bf4e55a3b9ba8 avia_animate_when_visible av-icon-style-border avia-icon-pos-center avia-iconfont avia-font-entypo-fontello av-no-color avia-icon-animate avia-sonar-shadow'><a href='https:\/\/www.booking.com\/hotel\/de\/ferienwohnung-lohrenz.de.html'  target=\"_blank\"  rel=\"noopener noreferrer\"  class='av-icon-char' data-av_icon='\ue8bc' data-av_iconfont='entypo-fontello' aria-hidden=\"false\" ><\/a><span class='av_icon_caption av-special-font'>Buchen \u00fcber Booking.com<\/span><\/span><\/div>\n<div  class='flex_column av-4318k7-2f397daeda4783e1ef41cfe5edc2f181 av_one_fourth  avia-builder-el-27  el_after_av_one_fourth  el_before_av_one_fourth  flex_column_div  column-top-margin'     ><style type=\"text\/css\" data-created_by=\"avia_inline_auto\" id=\"style-css-av-lu16t2q2-3e31e58d1d6e468df34d4fbf31b64915\">\n@keyframes av_sonarEffect_av-lu16t2q2-3e31e58d1d6e468df34d4fbf31b64915 {\n  0% {opacity: 0.3;}\n 40% {opacity: 0.5; box-shadow: 0 0 0 2px rgba(255,255,255,0.1), 0 0 10px 10px #83a846, 0 0 0 10px rgba(255,255,255,0.5);}\n100% {opacity: 0; box-shadow: 0 0 0 2px rgba(255,255,255,0.1), 0 0 10px 10px #83a846, 0 0 0 10px rgba(255,255,255,0.5); transform: scale(1.5);}\n}\n.av_font_icon.av-lu16t2q2-3e31e58d1d6e468df34d4fbf31b64915 .av-icon-char{\nfont-size:30px;\nline-height:30px;\nwidth:30px;\n}\n.av_font_icon.av-lu16t2q2-3e31e58d1d6e468df34d4fbf31b64915.av-icon-style-border .av-icon-char:hover::after{\nanimation:av_sonarEffect_av-lu16t2q2-3e31e58d1d6e468df34d4fbf31b64915 1s ease-in-out;\n}\n<\/style>\n<span  class='av_font_icon av-lu16t2q2-3e31e58d1d6e468df34d4fbf31b64915 avia_animate_when_visible av-icon-style-border avia-icon-pos-center avia-iconfont avia-font-awesome av-no-color avia-icon-animate avia-sonar-shadow'><a href='https:\/\/ferienwohnung-lohrenz.de\/fewolo\/kontakt\/'   class='av-icon-char' data-av_icon='\ue818' data-av_iconfont='awesome' aria-hidden=\"false\" ><\/a><span class='av_icon_caption av-special-font'>Privat buchen<\/span><\/span><\/div>\n<div  class='flex_column av-37649j-75a62c99ecc4985010979c18e439a4db av_one_fourth  avia-builder-el-29  el_after_av_one_fourth  avia-builder-el-last  flex_column_div  column-top-margin'     ><\/div>\n","protected":false},"excerpt":{"rendered":"","protected":false},"author":1,"featured_media":1128,"parent":0,"menu_order":0,"comment_status":"closed","ping_status":"closed","template":"","meta":{"footnotes":"","_wp_rev_ctl_limit":"3 "},"class_list":["post-1303","page","type-page","status-publish","has-post-thumbnail","hentry"],"_links":{"self":[{"href":"https:\/\/ferienwohnung-lohrenz.de\/fewolo\/wp-json\/wp\/v2\/pages\/1303","targetHints":{"allow":["GET"]}}],"collection":[{"href":"https:\/\/ferienwohnung-lohrenz.de\/fewolo\/wp-json\/wp\/v2\/pages"}],"about":[{"href":"https:\/\/ferienwohnung-lohrenz.de\/fewolo\/wp-json\/wp\/v2\/types\/page"}],"author":[{"embeddable":true,"href":"https:\/\/ferienwohnung-lohrenz.de\/fewolo\/wp-json\/wp\/v2\/users\/1"}],"replies":[{"embeddable":true,"href":"https:\/\/ferienwohnung-lohrenz.de\/fewolo\/wp-json\/wp\/v2\/comments?post=1303"}],"version-history":[{"count":3,"href":"https:\/\/ferienwohnung-lohrenz.de\/fewolo\/wp-json\/wp\/v2\/pages\/1303\/revisions"}],"predecessor-version":[{"id":1428,"href":"https:\/\/ferienwohnung-lohrenz.de\/fewolo\/wp-json\/wp\/v2\/pages\/1303\/revisions\/1428"}],"wp:featuredmedia":[{"embeddable":true,"href":"https:\/\/ferienwohnung-lohrenz.de\/fewolo\/wp-json\/wp\/v2\/media\/1128"}],"wp:attachment":[{"href":"https:\/\/ferienwohnung-lohrenz.de\/fewolo\/wp-json\/wp\/v2\/media?parent=1303"}],"curies":[{"name":"wp","href":"https:\/\/api.w.org\/{rel}","templated":true}]}}