{"id":679,"date":"2024-02-21T11:05:44","date_gmt":"2024-02-21T10:05:44","guid":{"rendered":"https:\/\/ferienwohnung-lohrenz.de\/fewolo\/?page_id=679"},"modified":"2025-08-06T11:55:07","modified_gmt":"2025-08-06T09:55:07","slug":"impressum","status":"publish","type":"page","link":"https:\/\/ferienwohnung-lohrenz.de\/fewolo\/impressum\/","title":{"rendered":"Impressum"},"content":{"rendered":"<div id='welcome'  class='av-layout-grid-container av-zdujr-e0d3e89b37255b048e67046a89efa8a1 entry-content-wrapper main_color av-fixed-cells  avia-builder-el-0  el_before_av_one_full  avia-builder-el-first   container_wrap sidebar_right'  >\n\n<style type=\"text\/css\" data-created_by=\"avia_inline_auto\" id=\"style-css-av-shv2v-3f6bb63fbd60c49402ab8589fd7aedd5\">\n.flex_cell.av-shv2v-3f6bb63fbd60c49402ab8589fd7aedd5{\nvertical-align:top;\nheight:15px;\nmin-height:15px;\nbackground-color:#719430;\n}\n.responsive #top #wrap_all .flex_cell.av-shv2v-3f6bb63fbd60c49402ab8589fd7aedd5{\npadding:0px 0px 0px 0px !important;\n}\n<\/style>\n<div class='flex_cell av-shv2v-3f6bb63fbd60c49402ab8589fd7aedd5 av-gridrow-cell av_one_fourth no_margin  avia-builder-el-1  el_before_av_cell_one_fourth  avia-builder-el-first  content-align-top av-zero-padding'  ><div class='flex_cell_inner'><\/div><\/div>\n<style type=\"text\/css\" data-created_by=\"avia_inline_auto\" id=\"style-css-av-l6txz-f795facfc681099e445d26673eca2275\">\n.flex_cell.av-l6txz-f795facfc681099e445d26673eca2275{\nvertical-align:top;\nheight:15px;\nmin-height:15px;\nbackground-color:#92bb46;\n}\n.responsive #top #wrap_all .flex_cell.av-l6txz-f795facfc681099e445d26673eca2275{\npadding:0px 0px 0px 0px !important;\n}\n<\/style>\n<div class='flex_cell av-l6txz-f795facfc681099e445d26673eca2275 av-gridrow-cell av_one_fourth no_margin  avia-builder-el-2  el_after_av_cell_one_fourth  el_before_av_cell_one_fourth  content-align-top av-zero-padding'  ><div class='flex_cell_inner'><\/div><\/div>\n<style type=\"text\/css\" data-created_by=\"avia_inline_auto\" id=\"style-css-av-e0yrj-813e5445a8180d4d04db47a6f3fcb43a\">\n.flex_cell.av-e0yrj-813e5445a8180d4d04db47a6f3fcb43a{\nvertical-align:top;\nheight:15px;\nmin-height:15px;\nbackground-color:#acd464;\n}\n.responsive #top #wrap_all .flex_cell.av-e0yrj-813e5445a8180d4d04db47a6f3fcb43a{\npadding:0px 0px 0px 0px !important;\n}\n<\/style>\n<div class='flex_cell av-e0yrj-813e5445a8180d4d04db47a6f3fcb43a av-gridrow-cell av_one_fourth no_margin  avia-builder-el-3  el_after_av_cell_one_fourth  el_before_av_cell_one_fourth  content-align-top av-zero-padding'  ><div class='flex_cell_inner'><\/div><\/div>\n<style type=\"text\/css\" data-created_by=\"avia_inline_auto\" id=\"style-css-av-85zuv-be4f6830ba502e12485504f759a355d5\">\n.flex_cell.av-85zuv-be4f6830ba502e12485504f759a355d5{\nvertical-align:top;\nheight:15px;\nmin-height:15px;\nbackground-color:#e1fbb2;\n}\n.responsive #top #wrap_all .flex_cell.av-85zuv-be4f6830ba502e12485504f759a355d5{\npadding:0px 0px 0px 0px !important;\n}\n<\/style>\n<div class='flex_cell av-85zuv-be4f6830ba502e12485504f759a355d5 av-gridrow-cell av_one_fourth no_margin  avia-builder-el-4  el_after_av_cell_one_fourth  avia-builder-el-last  content-align-top av-zero-padding'  ><div class='flex_cell_inner'><\/div><\/div>\n<\/div><div id='after_grid_row_1'  class='main_color av_default_container_wrap container_wrap sidebar_right'  ><div class='container av-section-cont-open' ><div class='template-page content  av-content-small alpha units'><div class='post-entry post-entry-type-page post-entry-679'><div class='entry-content-wrapper clearfix'>\n<div  class='flex_column av-9d9q7-57325f3825d39020b72757e95d0065e1 av_one_full  avia-builder-el-5  el_after_av_layout_row  avia-builder-el-no-sibling  first flex_column_div  '     ><section  class='av_textblock_section av-lsvmlev0-358d2a170efa651206b6c1a248ac312f '   itemscope=\"itemscope\" itemtype=\"https:\/\/schema.org\/CreativeWork\" ><div class='avia_textblock'  itemprop=\"text\" ><h3>Impressum:<\/h3>\n<p>Inhaber: Ingo Lohrenz<br \/>\nFerienwohnung Lohrenz<br \/>\nTheodor-Heuss-Str. 33<br \/>\n38690 Goslar OT Vienenburg<\/p>\n<h3>Kontakt:<\/h3>\n<table>\n<tbody>\n<tr>\n<td>Telefon:<\/td>\n<td>+49 160 98630232<\/td>\n<\/tr>\n<tr>\n<td>E-Mail:<\/td>\n<td>info@ferienwohnung-lohrenz.de<\/td>\n<\/tr>\n<\/tbody>\n<\/table>\n<h3>\nRedaktionell verantwortlich:<\/h3>\n<p>Ingo Lohrenz<br \/>\nTheodor-Heuss-Str. 33<br \/>\n38690 Goslar OT Vienenburg<\/p>\n<h3>Haftungsausschluss:<\/h3>\n<p><span style=\"color: #000000;\"><strong>Haftung f\u00fcr Inhalte<\/strong><\/span><br \/>\nDie Inhalte unserer Seiten wurden mit gr\u00f6\u00dfter Sorgfalt erstellt. F\u00fcr die Richtigkeit, Vollst\u00e4ndigkeit und Aktualit\u00e4t der Inhalte k\u00f6nnen wir jedoch keine Gew\u00e4hr \u00fcbernehmen.<\/p>\n<p><span style=\"color: #000000;\"><strong>Haftung f\u00fcr Links<\/strong><\/span><br \/>\nUnser Angebot enth\u00e4lt Links zu externen Webseiten Dritter, auf deren Inhalte wir keinen Einfluss haben. Deshalb k\u00f6nnen wir f\u00fcr diese fremden Inhalte auch keine Gew\u00e4hr \u00fcbernehmen. F\u00fcr die Inhalte der verlinkten Seiten ist stets der jeweilige Anbieter oder Betreiber der Seiten verantwortlich. Die verlinkten Seiten wurden zum Zeitpunkt der Verlinkung auf m\u00f6gliche Rechtsverst\u00f6\u00dfe \u00fcberpr\u00fcft. Rechtswidrige Inhalte waren zum Zeitpunkt der Verlinkung nicht erkennbar. Eine permanente inhaltliche Kontrolle der verlinkten Seiten ist jedoch ohne konkrete Anhaltspunkte einer Rechtsverletzung nicht zumutbar. Bei Bekanntwerden von Rechtsverletzungen werden wir derartige Links umgehend entfernen.<\/p>\n<p><span style=\"color: #000000;\"><strong>Urheberrecht<\/strong><\/span><br \/>\nDie durch die Seitenbetreiber erstellten Inhalte und Werke auf diesen Seiten unterliegen dem deutschen Urheberrecht. Die Vervielf\u00e4ltigung, Bearbeitung, Verbreitung und jede Art der Verwertung au\u00dferhalb der Grenzen des Urheberrechtes bed\u00fcrfen der schriftlichen Zustimmung des jeweiligen Autors bzw. Erstellers. Downloads und Kopien dieser Seite sind nur f\u00fcr den privaten, nicht kommerziellen Gebrauch gestattet. Soweit die Inhalte auf dieser Seite nicht vom Betreiber erstellt wurden, werden die Urheberrechte Dritter beachtet. Sollten Sie trotzdem auf eine Urheberrechtsverletzung aufmerksam werden, bitten wir um einen entsprechenden Hinweis. Bei Bekanntwerden von Rechtsverletzungen werden wir derartige Inhalte umgehend entfernen.<\/p>\n<p><span style=\"color: #000000;\"><strong>Nutzung der Daten<\/strong><\/span><br \/>\nDie Nutzung unserer Webseite ist in der Regel ohne Angabe personenbezogener Daten m\u00f6glich. Soweit auf unseren Seiten personenbezogene Daten (beispielsweise Name, Anschrift oder eMail-Adressen) erhoben werden, erfolgt dies, soweit m\u00f6glich, stets auf freiwilliger Basis. Diese Daten werden ohne Ihre ausdr\u00fcckliche Zustimmung nicht an Dritte weitergegeben.<\/p>\n<p>Wir weisen darauf hin, dass die Daten\u00fcbertragung im Internet (z.B. bei der Kommunikation per E-Mail) Sicherheitsl\u00fccken aufweisen kann. Ein l\u00fcckenloser Schutz der Daten vor dem Zugriff durch Dritte ist nicht m\u00f6glich.<\/p>\n<p>Der Nutzung von im Rahmen der Impressumspflicht ver\u00f6ffentlichten Kontaktdaten durch Dritte zur \u00dcbersendung von nicht ausdr\u00fccklich angeforderter Werbung und Informationsmaterialien wird hiermit ausdr\u00fccklich widersprochen. Die Betreiber der Seiten behalten sich ausdr\u00fccklich rechtliche Schritte im Falle der unverlangten Zusendung von Werbeinformationen, etwa durch Spam-Mails, vor.<\/p>\n<p>Weitere Information: Siehe <a title=\"Datenschutz\" href=\"https:\/\/ferienwohnung-lohrenz.de\/fewolo\/datenschutz\">Datenschutz<\/a><\/p>\n<\/div><\/section><\/div>\n","protected":false},"excerpt":{"rendered":"","protected":false},"author":1,"featured_media":0,"parent":0,"menu_order":0,"comment_status":"closed","ping_status":"closed","template":"","meta":{"footnotes":"","_wp_rev_ctl_limit":"3"},"class_list":["post-679","page","type-page","status-publish","hentry"],"_links":{"self":[{"href":"https:\/\/ferienwohnung-lohrenz.de\/fewolo\/wp-json\/wp\/v2\/pages\/679","targetHints":{"allow":["GET"]}}],"collection":[{"href":"https:\/\/ferienwohnung-lohrenz.de\/fewolo\/wp-json\/wp\/v2\/pages"}],"about":[{"href":"https:\/\/ferienwohnung-lohrenz.de\/fewolo\/wp-json\/wp\/v2\/types\/page"}],"author":[{"embeddable":true,"href":"https:\/\/ferienwohnung-lohrenz.de\/fewolo\/wp-json\/wp\/v2\/users\/1"}],"replies":[{"embeddable":true,"href":"https:\/\/ferienwohnung-lohrenz.de\/fewolo\/wp-json\/wp\/v2\/comments?post=679"}],"version-history":[{"count":3,"href":"https:\/\/ferienwohnung-lohrenz.de\/fewolo\/wp-json\/wp\/v2\/pages\/679\/revisions"}],"predecessor-version":[{"id":1441,"href":"https:\/\/ferienwohnung-lohrenz.de\/fewolo\/wp-json\/wp\/v2\/pages\/679\/revisions\/1441"}],"wp:attachment":[{"href":"https:\/\/ferienwohnung-lohrenz.de\/fewolo\/wp-json\/wp\/v2\/media?parent=679"}],"curies":[{"name":"wp","href":"https:\/\/api.w.org\/{rel}","templated":true}]}}